{"id":14132,"date":"2025-06-19T10:46:45","date_gmt":"2025-06-19T10:46:45","guid":{"rendered":"https:\/\/taquillas.rwdesarrollos.es\/cookies-policy\/"},"modified":"2025-06-19T10:46:45","modified_gmt":"2025-06-19T10:46:45","slug":"cookies-policy","status":"publish","type":"page","link":"https:\/\/ayundo.es\/en\/cookies-policy\/","title":{"rendered":"Cookies Policy"},"content":{"rendered":"<p><b><span data-contrast=\"auto\">Last updated: 10 November 2024<\/span><\/b><span data-ccp-props=\"{\"> <\/span><\/p>\n<p><span data-contrast=\"auto\">Esta Pol\u00edtica de Cookies explica c\u00f3mo <\/span><b><span data-contrast=\"auto\">Ayundo S.L. <\/span><\/b><span data-contrast=\"auto\">utiliza las cookies y tecnolog\u00edas similares en su sitio web <\/span><a href=\"https:\/\/www.ayundo.es\/\"><span data-contrast=\"none\">(<\/span><\/a><span data-contrast=\"auto\">https:\/\/www.ayundo.es).<\/span><span data-ccp-props=\"{\"> <\/span><\/p>\n<p><span data-contrast=\"auto\">By using our website, you consent to the use of cookies, as described below, unless you disable them through your browser or our cookie settings panel.<\/span><span data-ccp-props=\"{\"> <\/span><\/p>\n<p><span data-ccp-props=\"{\"> <\/span><\/p>\n<ol>\n<li><b><span data-contrast=\"auto\"> What are cookies?<\/span><\/b><\/li>\n<\/ol>\n<p><span data-contrast=\"auto\">When you visit a website, cookies are small text files that are stored on your device (computer, tablet or smartphone). They help websites remember your preferences and track your activity for analytical or usability purposes. <\/span><span data-ccp-props=\"{\"> <\/span><\/p>\n<p><span data-ccp-props=\"{\"> <\/span><\/p>\n<ol start=\"2\">\n<li><b><span data-contrast=\"auto\"> What types of cookies do we use?<\/span><\/b><\/li>\n<\/ol>\n<p><span data-contrast=\"auto\">We use the following categories of cookies:<\/span><span data-ccp-props=\"{\"> <\/span><\/p>\n<table data-tablestyle=\"MsoNormalTable\" data-tablelook=\"1184\" aria-rowcount=\"5\">\n<tbody>\n<tr aria-rowindex=\"1\">\n<td data-celllook=\"0\"><b><span data-contrast=\"auto\">Type of cookie<\/span><\/b><span data-ccp-props=\"{\"> <\/span><\/td>\n<td data-celllook=\"0\"><b><span data-contrast=\"auto\">Purpose<\/span><\/b><span data-ccp-props=\"{\"> <\/span><\/td>\n<td data-celllook=\"0\"><b><span data-contrast=\"auto\">Data stored<\/span><\/b><span data-ccp-props=\"{\"> <\/span><\/td>\n<\/tr>\n<tr aria-rowindex=\"2\">\n<td data-celllook=\"0\"><b><span data-contrast=\"auto\">Strictly necessary<\/span><\/b><span data-ccp-props=\"{\"> <\/span><\/td>\n<td data-celllook=\"0\"><span data-contrast=\"auto\">To ensure the proper functioning of the website (e.g. page navigation, access to secure areas).<\/span><span data-ccp-props=\"{\"> <\/span><\/td>\n<td data-celllook=\"0\"><span data-contrast=\"auto\">Session ID, security tokens<\/span><span data-ccp-props=\"{\"> <\/span><\/td>\n<\/tr>\n<tr aria-rowindex=\"3\">\n<td data-celllook=\"0\"><b><span data-contrast=\"auto\">Performance\/Analytics<\/span><\/b><span data-ccp-props=\"{\"> <\/span><\/td>\n<td data-celllook=\"0\"><span data-contrast=\"auto\">To help us understand how visitors interact with the site to improve its performance.<\/span><span data-ccp-props=\"{\"> <\/span> <\/td>\n<td data-celllook=\"0\"><span data-contrast=\"auto\">IP address (anonymised), browser information<\/span><span data-ccp-props=\"{\"> <\/span><\/td>\n<\/tr>\n<tr aria-rowindex=\"4\">\n<td data-celllook=\"0\"><b><span data-contrast=\"auto\">Functional<\/span><\/b><span data-ccp-props=\"{\"> <\/span><\/td>\n<td data-celllook=\"0\"><span data-contrast=\"auto\">To remember your choices (e.g. language preferences)<\/span> <span data-ccp-props=\"{\"> <\/span><\/td>\n<td data-celllook=\"0\"><span data-contrast=\"auto\">User preferences<\/span><span data-ccp-props=\"{\"> <\/span><\/td>\n<\/tr>\n<tr aria-rowindex=\"5\">\n<td data-celllook=\"0\"><b><span data-contrast=\"auto\">Marketing\/Third parties <\/span><\/b><span data-ccp-props=\"{\"> <\/span><\/td>\n<td data-celllook=\"0\"><span data-contrast=\"auto\">Used to track visitors to websites and display relevant ads or content. <\/span><span data-ccp-props=\"{\"> <\/span> <\/td>\n<td data-celllook=\"0\"><span data-contrast=\"auto\">May include anonymous identifiers from services such as LinkedIn or Google Ads.<\/span><span data-ccp-props=\"{\"> <\/span><\/td>\n<\/tr>\n<\/tbody>\n<\/table>\n<p><span data-ccp-props=\"{\"> <\/span><\/p>\n<ol start=\"3\">\n<li><b><span data-contrast=\"auto\"> What cookies do we specifically use?<\/span><\/b><\/li>\n<\/ol>\n<p><span data-contrast=\"auto\">This is a list of some of the cookies we may use:<\/span><span data-ccp-props=\"{\"> <\/span><\/p>\n<table data-tablestyle=\"MsoNormalTable\" data-tablelook=\"1184\" aria-rowcount=\"5\">\n<tbody>\n<tr aria-rowindex=\"1\">\n<td data-celllook=\"0\"><b><span data-contrast=\"auto\">Cookie name<\/span><\/b><span data-ccp-props=\"{\"> <\/span><\/td>\n<td data-celllook=\"0\"><b><span data-contrast=\"auto\">Provider<\/span><\/b><span data-ccp-props=\"{\"> <\/span><\/td>\n<td data-celllook=\"0\"><b><span data-contrast=\"auto\">Purpose<\/span><\/b><span data-ccp-props=\"{\"> <\/span><\/td>\n<td data-celllook=\"0\"><b><span data-contrast=\"auto\">Retention<\/span><\/b><span data-ccp-props=\"{\"> <\/span><\/td>\n<\/tr>\n<tr aria-rowindex=\"2\">\n<td data-celllook=\"0\"><span data-contrast=\"auto\">_ga, _gid<\/span><span data-ccp-props=\"{\"> <\/span><\/td>\n<td data-celllook=\"0\"><span data-contrast=\"auto\">Google Analytics<\/span><span data-ccp-props=\"{\"> <\/span><\/td>\n<td data-celllook=\"0\"><span data-contrast=\"auto\">Website usage statistics<\/span><span data-ccp-props=\"{\"> <\/span><\/td>\n<td data-celllook=\"0\"><span data-contrast=\"auto\">1 year<\/span><span data-ccp-props=\"{\"><\/span><\/td>\n<\/tr>\n<tr aria-rowindex=\"3\">\n<td data-celllook=\"0\"><span data-contrast=\"auto\">cookieConsent<\/span><span data-ccp-props=\"{\"> <\/span><\/td>\n<td data-celllook=\"0\"><span data-contrast=\"auto\">Ayundo<\/span><span data-ccp-props=\"{\"> <\/span><\/td>\n<td data-celllook=\"0\"><span data-contrast=\"auto\">Stores your cookie preferences<\/span><span data-ccp-props=\"{\"> <\/span><\/td>\n<td data-celllook=\"0\"><span data-contrast=\"auto\">6 months<\/span><span data-ccp-props=\"{\"> <\/span><\/td>\n<\/tr>\n<tr aria-rowindex=\"4\">\n<td data-celllook=\"0\"><span data-contrast=\"auto\">langPref<\/span><span data-ccp-props=\"{\"> <\/span><\/td>\n<td data-celllook=\"0\"><span data-contrast=\"auto\">Ayundo<\/span><span data-ccp-props=\"{\"> <\/span><\/td>\n<td data-celllook=\"0\"><span data-contrast=\"auto\">Stores your choice of language<\/span><span data-ccp-props=\"{\"> <\/span><\/td>\n<td data-celllook=\"0\"><span data-contrast=\"auto\">1 month<\/span><span data-ccp-props=\"{\"> <\/span><\/td>\n<\/tr>\n<tr aria-rowindex=\"5\">\n<td data-celllook=\"0\"><span data-contrast=\"auto\">bcookie, lidc<\/span><span data-ccp-props=\"{\"> <\/span><\/td>\n<td data-celllook=\"0\"><span data-contrast=\"auto\">LinkedIn<\/span><span data-ccp-props=\"{\"> <\/span><\/td>\n<td data-celllook=\"0\"><span data-contrast=\"auto\">Marketing\/tracking for LinkedIn Ads<\/span><span data-ccp-props=\"{\"> <\/span><\/td>\n<td data-celllook=\"0\"><span data-contrast=\"auto\">1 year<\/span><span data-ccp-props=\"{\"> <\/span><\/td>\n<\/tr>\n<\/tbody>\n<\/table>\n<p><span data-ccp-props=\"{\"> <\/span><\/p>\n<ol start=\"4\">\n<li><b><span data-contrast=\"auto\"> How are cookies managed?<\/span><\/b><\/li>\n<\/ol>\n<p><span data-contrast=\"auto\">You have control over your cookie preferences:<\/span><span data-ccp-props=\"{\"> <\/span><\/p>\n<ul>\n<li data-leveltext=\"\uf0b7\" data-font=\"Symbol\" data-listid=\"1\" data-list-defn-props=\"{\" aria-setsize=\"-1\" data-aria-posinset=\"1\" data-aria-level=\"1\"><span data-contrast=\"auto\">Use the<\/span><b><span data-contrast=\"auto\"> cookie settings banner <\/span><\/b><span data-contrast=\"auto\">when you first visit the site. <\/span><span data-ccp-props=\"{\"> <\/span><\/li>\n<\/ul>\n<ul>\n<li data-leveltext=\"\uf0b7\" data-font=\"Symbol\" data-listid=\"1\" data-list-defn-props=\"{\" aria-setsize=\"-1\" data-aria-posinset=\"2\" data-aria-level=\"1\"><span data-contrast=\"auto\">Change your preferences at any time via the [Cookie settings] link (insert it in the footer of your site).<\/span><span data-ccp-props=\"{\"> <\/span><\/li>\n<\/ul>\n<ul>\n<li data-leveltext=\"\uf0b7\" data-font=\"Symbol\" data-listid=\"1\" data-list-defn-props=\"{\" aria-setsize=\"-1\" data-aria-posinset=\"3\" data-aria-level=\"1\"><span data-contrast=\"auto\">Block or delete cookies through your browser settings (Chrome, Firefox, Safari, etc.).<\/span><span data-ccp-props=\"{\"> <\/span><\/li>\n<\/ul>\n<p><span data-contrast=\"auto\">Blocking some types of cookies may affect your experience on our site.<\/span><span data-ccp-props=\"{\"> <\/span><\/p>\n<p><span data-ccp-props=\"{\"> <\/span><\/p>\n<ol start=\"5\">\n<li><b><span data-contrast=\"auto\"> Contact<\/span><\/b><\/li>\n<\/ol>\n<p><span data-contrast=\"auto\">If you have any questions about our use of cookies, please contact us at:<\/span><span data-ccp-props=\"{\"> <\/span><\/p>\n<p><b><span data-contrast=\"auto\">Ayundo S.L.<\/span><\/b><br>\n<a href=\"mailto:privacy@ayundo.es\"><b><span data-contrast=\"none\">privacy@ayundo.es<\/span><\/b><\/a><br>\n<span data-contrast=\"auto\">La Rambla 13, Piso 1<\/span><br>\n<span data-contrast=\"auto\">07003 Palma de Mallorca<\/span><br>\n<span data-contrast=\"auto\">Espa\u00f1a<\/span><span data-ccp-props=\"{\"> <\/span><\/p>\n","protected":false},"excerpt":{"rendered":"<p>Last updated: 10 November 2024 Esta Pol\u00edtica de Cookies explica c\u00f3mo Ayundo S.L. utiliza las cookies y tecnolog\u00edas similares en su sitio web (https:\/\/www.ayundo.es). By using our website, you consent to the use of cookies, as described below, unless you disable them through your browser or our cookie settings panel. What are cookies? When you [&hellip;]<\/p>\n","protected":false},"author":1,"featured_media":0,"parent":0,"menu_order":0,"comment_status":"closed","ping_status":"closed","template":"","meta":{"footnotes":""},"class_list":["post-14132","page","type-page","status-publish","hentry"],"yoast_head":"<!-- This site is optimized with the Yoast SEO plugin v27.5 - https:\/\/yoast.com\/product\/yoast-seo-wordpress\/ -->\n<title>Cookies Policy - Ayundo<\/title>\n<meta name=\"robots\" content=\"index, follow, max-snippet:-1, max-image-preview:large, max-video-preview:-1\" \/>\n<link rel=\"canonical\" href=\"https:\/\/ayundo.es\/en\/cookies-policy\/\" \/>\n<meta property=\"og:locale\" content=\"en_US\" \/>\n<meta property=\"og:type\" content=\"article\" \/>\n<meta property=\"og:title\" content=\"Cookies Policy - Ayundo\" \/>\n<meta property=\"og:description\" content=\"Last updated: 10 November 2024 Esta Pol\u00edtica de Cookies explica c\u00f3mo Ayundo S.L. utiliza las cookies y tecnolog\u00edas similares en su sitio web (https:\/\/www.ayundo.es). By using our website, you consent to the use of cookies, as described below, unless you disable them through your browser or our cookie settings panel. What are cookies? When you [&hellip;]\" \/>\n<meta property=\"og:url\" content=\"https:\/\/ayundo.es\/en\/cookies-policy\/\" \/>\n<meta property=\"og:site_name\" content=\"Ayundo\" \/>\n<meta name=\"twitter:card\" content=\"summary_large_image\" \/>\n<meta name=\"twitter:label1\" content=\"Est. reading time\" \/>\n\t<meta name=\"twitter:data1\" content=\"2 minutes\" \/>\n<script type=\"application\/ld+json\" class=\"yoast-schema-graph\">{\"@context\":\"https:\\\/\\\/schema.org\",\"@graph\":[{\"@type\":\"WebPage\",\"@id\":\"https:\\\/\\\/ayundo.es\\\/en\\\/cookies-policy\\\/\",\"url\":\"https:\\\/\\\/ayundo.es\\\/en\\\/cookies-policy\\\/\",\"name\":\"Cookies Policy - Ayundo\",\"isPartOf\":{\"@id\":\"https:\\\/\\\/ayundo.es\\\/en\\\/#website\"},\"datePublished\":\"2025-06-19T10:46:45+00:00\",\"breadcrumb\":{\"@id\":\"https:\\\/\\\/ayundo.es\\\/en\\\/cookies-policy\\\/#breadcrumb\"},\"inLanguage\":\"en-US\",\"potentialAction\":[{\"@type\":\"ReadAction\",\"target\":[\"https:\\\/\\\/ayundo.es\\\/en\\\/cookies-policy\\\/\"]}]},{\"@type\":\"BreadcrumbList\",\"@id\":\"https:\\\/\\\/ayundo.es\\\/en\\\/cookies-policy\\\/#breadcrumb\",\"itemListElement\":[{\"@type\":\"ListItem\",\"position\":1,\"name\":\"Portada\",\"item\":\"https:\\\/\\\/ayundo.es\\\/en\\\/\"},{\"@type\":\"ListItem\",\"position\":2,\"name\":\"Cookies Policy\"}]},{\"@type\":\"WebSite\",\"@id\":\"https:\\\/\\\/ayundo.es\\\/en\\\/#website\",\"url\":\"https:\\\/\\\/ayundo.es\\\/en\\\/\",\"name\":\"Ayundo\",\"description\":\"Digitaliza. Transforma.\",\"publisher\":{\"@id\":\"https:\\\/\\\/ayundo.es\\\/en\\\/#organization\"},\"potentialAction\":[{\"@type\":\"SearchAction\",\"target\":{\"@type\":\"EntryPoint\",\"urlTemplate\":\"https:\\\/\\\/ayundo.es\\\/en\\\/?s={search_term_string}\"},\"query-input\":{\"@type\":\"PropertyValueSpecification\",\"valueRequired\":true,\"valueName\":\"search_term_string\"}}],\"inLanguage\":\"en-US\"},{\"@type\":\"Organization\",\"@id\":\"https:\\\/\\\/ayundo.es\\\/en\\\/#organization\",\"name\":\"Ayundo\",\"url\":\"https:\\\/\\\/ayundo.es\\\/en\\\/\",\"logo\":{\"@type\":\"ImageObject\",\"inLanguage\":\"en-US\",\"@id\":\"https:\\\/\\\/ayundo.es\\\/en\\\/#\\\/schema\\\/logo\\\/image\\\/\",\"url\":\"https:\\\/\\\/ayundo.es\\\/wp-content\\\/uploads\\\/2025\\\/06\\\/Ayundo-logo-WEB-e1752238316224.png\",\"contentUrl\":\"https:\\\/\\\/ayundo.es\\\/wp-content\\\/uploads\\\/2025\\\/06\\\/Ayundo-logo-WEB-e1752238316224.png\",\"width\":913,\"height\":196,\"caption\":\"Ayundo\"},\"image\":{\"@id\":\"https:\\\/\\\/ayundo.es\\\/en\\\/#\\\/schema\\\/logo\\\/image\\\/\"}}]}<\/script>\n<!-- \/ Yoast SEO plugin. -->","yoast_head_json":{"title":"Cookies Policy - Ayundo","robots":{"index":"index","follow":"follow","max-snippet":"max-snippet:-1","max-image-preview":"max-image-preview:large","max-video-preview":"max-video-preview:-1"},"canonical":"https:\/\/ayundo.es\/en\/cookies-policy\/","og_locale":"en_US","og_type":"article","og_title":"Cookies Policy - Ayundo","og_description":"Last updated: 10 November 2024 Esta Pol\u00edtica de Cookies explica c\u00f3mo Ayundo S.L. utiliza las cookies y tecnolog\u00edas similares en su sitio web (https:\/\/www.ayundo.es). By using our website, you consent to the use of cookies, as described below, unless you disable them through your browser or our cookie settings panel. What are cookies? When you [&hellip;]","og_url":"https:\/\/ayundo.es\/en\/cookies-policy\/","og_site_name":"Ayundo","twitter_card":"summary_large_image","twitter_misc":{"Est. reading time":"2 minutes"},"schema":{"@context":"https:\/\/schema.org","@graph":[{"@type":"WebPage","@id":"https:\/\/ayundo.es\/en\/cookies-policy\/","url":"https:\/\/ayundo.es\/en\/cookies-policy\/","name":"Cookies Policy - Ayundo","isPartOf":{"@id":"https:\/\/ayundo.es\/en\/#website"},"datePublished":"2025-06-19T10:46:45+00:00","breadcrumb":{"@id":"https:\/\/ayundo.es\/en\/cookies-policy\/#breadcrumb"},"inLanguage":"en-US","potentialAction":[{"@type":"ReadAction","target":["https:\/\/ayundo.es\/en\/cookies-policy\/"]}]},{"@type":"BreadcrumbList","@id":"https:\/\/ayundo.es\/en\/cookies-policy\/#breadcrumb","itemListElement":[{"@type":"ListItem","position":1,"name":"Portada","item":"https:\/\/ayundo.es\/en\/"},{"@type":"ListItem","position":2,"name":"Cookies Policy"}]},{"@type":"WebSite","@id":"https:\/\/ayundo.es\/en\/#website","url":"https:\/\/ayundo.es\/en\/","name":"Ayundo","description":"Digitaliza. Transforma.","publisher":{"@id":"https:\/\/ayundo.es\/en\/#organization"},"potentialAction":[{"@type":"SearchAction","target":{"@type":"EntryPoint","urlTemplate":"https:\/\/ayundo.es\/en\/?s={search_term_string}"},"query-input":{"@type":"PropertyValueSpecification","valueRequired":true,"valueName":"search_term_string"}}],"inLanguage":"en-US"},{"@type":"Organization","@id":"https:\/\/ayundo.es\/en\/#organization","name":"Ayundo","url":"https:\/\/ayundo.es\/en\/","logo":{"@type":"ImageObject","inLanguage":"en-US","@id":"https:\/\/ayundo.es\/en\/#\/schema\/logo\/image\/","url":"https:\/\/ayundo.es\/wp-content\/uploads\/2025\/06\/Ayundo-logo-WEB-e1752238316224.png","contentUrl":"https:\/\/ayundo.es\/wp-content\/uploads\/2025\/06\/Ayundo-logo-WEB-e1752238316224.png","width":913,"height":196,"caption":"Ayundo"},"image":{"@id":"https:\/\/ayundo.es\/en\/#\/schema\/logo\/image\/"}}]}},"_links":{"self":[{"href":"https:\/\/ayundo.es\/en\/wp-json\/wp\/v2\/pages\/14132","targetHints":{"allow":["GET"]}}],"collection":[{"href":"https:\/\/ayundo.es\/en\/wp-json\/wp\/v2\/pages"}],"about":[{"href":"https:\/\/ayundo.es\/en\/wp-json\/wp\/v2\/types\/page"}],"author":[{"embeddable":true,"href":"https:\/\/ayundo.es\/en\/wp-json\/wp\/v2\/users\/1"}],"replies":[{"embeddable":true,"href":"https:\/\/ayundo.es\/en\/wp-json\/wp\/v2\/comments?post=14132"}],"version-history":[{"count":0,"href":"https:\/\/ayundo.es\/en\/wp-json\/wp\/v2\/pages\/14132\/revisions"}],"wp:attachment":[{"href":"https:\/\/ayundo.es\/en\/wp-json\/wp\/v2\/media?parent=14132"}],"curies":[{"name":"wp","href":"https:\/\/api.w.org\/{rel}","templated":true}]}}