{"id":14109,"date":"2025-06-17T08:27:41","date_gmt":"2025-06-17T08:27:41","guid":{"rendered":"https:\/\/taquillas.rwdesarrollos.es\/privacy-policy\/"},"modified":"2025-07-17T07:10:17","modified_gmt":"2025-07-17T07:10:17","slug":"privacy-policy","status":"publish","type":"page","link":"https:\/\/ayundo.es\/en\/privacy-policy\/","title":{"rendered":"Privacy Policy"},"content":{"rendered":"<p><b><span data-contrast=\"auto\">\u00daltima actualizaci\u00f3n: <\/span><\/b><span data-contrast=\"auto\">10 de noviembre de 2024<\/span><span data-ccp-props='{\"134233117\":true,\"134233118\":true,\"201341983\":0,\"335559740\":240}'>\u00a0<\/span><\/p>\r\n<p><span data-contrast=\"auto\">En <\/span><b><span data-contrast=\"auto\">Ayundo S.L<\/span><\/b><span data-contrast=\"auto\">., nos comprometemos a proteger su privacidad. Esta pol\u00edtica explica c\u00f3mo recopilamos, utilizamos, compartimos y protegemos los datos personales en el contexto de nuestros servicios de consultor\u00eda empresarial.<\/span><span data-ccp-props='{\"134233117\":true,\"134233118\":true,\"201341983\":0,\"335559740\":240}'>\u00a0<\/span><\/p>\r\n<ol>\r\n<li><b><span data-contrast=\"auto\"> \u00bfQui\u00e9n es responsable de sus datos?<\/span><\/b><\/li>\r\n<\/ol>\r\n<p><span data-contrast=\"auto\">El responsable del tratamiento de datos es:<\/span><span data-ccp-props='{\"134233117\":true,\"134233118\":true,\"201341983\":0,\"335559740\":240}'>\u00a0<\/span><\/p>\r\n<p><b><span data-contrast=\"auto\">Ayundo S.L.<\/span><\/b>\u00a0<br><span data-contrast=\"auto\">La Rambla 13, Piso 1<\/span>\u00a0<br><span data-contrast=\"auto\">07003 Palma, Islas Baleares, Espa\u00f1a<\/span>\u00a0<br><a href=\"mailto:privacy@ayundo.es\"><b><span data-contrast=\"none\">privacy@ayundo.es<\/span><\/b><\/a><span data-ccp-props='{\"134233117\":true,\"134233118\":true,\"201341983\":0,\"335559740\":240}'>\u00a0<\/span><\/p>\r\n<p><span data-contrast=\"auto\">Si tiene alguna pregunta, p\u00f3ngase en contacto con nuestro Responsable de Protecci\u00f3n de Datos (RPD) en: <\/span><a href=\"mailto:stefan@ayundo.es\"><b><span data-contrast=\"none\">stefan@ayundo.es<\/span><\/b><\/a><span data-ccp-props='{\"134233117\":true,\"134233118\":true,\"201341983\":0,\"335559740\":240}'>\u00a0<\/span><\/p>\r\n<p><span data-ccp-props='{\"201341983\":0,\"335559739\":0,\"335559740\":240}'>\u00a0<\/span><\/p>\r\n<ol start=\"2\">\r\n<li><b><span data-contrast=\"auto\"> \u00bfQu\u00e9 datos personales tratamos?<\/span><\/b><\/li>\r\n<\/ol>\r\n<p><span data-contrast=\"auto\">Podemos recoger y tratar las siguientes categor\u00edas de datos personales:<\/span><span data-ccp-props='{\"134233117\":true,\"134233118\":true,\"201341983\":0,\"335559740\":240}'>\u00a0<\/span><\/p>\r\n<ul>\r\n<li data-leveltext=\"\uf0b7\" data-font=\"Symbol\" data-listid=\"1\" data-list-defn-props='{\"335552541\":1,\"335559685\":720,\"335559991\":360,\"469769226\":\"Symbol\",\"469769242\":[8226],\"469777803\":\"left\",\"469777804\":\"\uf0b7\",\"469777815\":\"multilevel\"}' aria-setsize=\"-1\" data-aria-posinset=\"1\" data-aria-level=\"1\"><b><span data-contrast=\"auto\">Datos de identificaci\u00f3n <\/span><\/b><span data-contrast=\"auto\">(nombre, apellidos, cargo)<\/span><span data-ccp-props='{\"134233117\":true,\"134233118\":true,\"201341983\":0,\"335559740\":240}'>\u00a0<\/span><\/li>\r\n<\/ul>\r\n<ul>\r\n<li data-leveltext=\"\uf0b7\" data-font=\"Symbol\" data-listid=\"1\" data-list-defn-props='{\"335552541\":1,\"335559685\":720,\"335559991\":360,\"469769226\":\"Symbol\",\"469769242\":[8226],\"469777803\":\"left\",\"469777804\":\"\uf0b7\",\"469777815\":\"multilevel\"}' aria-setsize=\"-1\" data-aria-posinset=\"2\" data-aria-level=\"1\"><b><span data-contrast=\"auto\">Datos de contacto <\/span><\/b><span data-contrast=\"auto\">(correo electr\u00f3nico, n\u00famero de tel\u00e9fono, direcci\u00f3n de la empresa)<\/span><span data-ccp-props='{\"134233117\":true,\"134233118\":true,\"201341983\":0,\"335559740\":240}'>\u00a0<\/span><\/li>\r\n<\/ul>\r\n<ul>\r\n<li data-leveltext=\"\uf0b7\" data-font=\"Symbol\" data-listid=\"1\" data-list-defn-props='{\"335552541\":1,\"335559685\":720,\"335559991\":360,\"469769226\":\"Symbol\",\"469769242\":[8226],\"469777803\":\"left\",\"469777804\":\"\uf0b7\",\"469777815\":\"multilevel\"}' aria-setsize=\"-1\" data-aria-posinset=\"3\" data-aria-level=\"1\"><b><span data-contrast=\"auto\">Datos profesionales <\/span><\/b><span data-contrast=\"auto\">(nombre de la empresa, sector, cargo)<\/span><span data-ccp-props='{\"134233117\":true,\"134233118\":true,\"201341983\":0,\"335559740\":240}'>\u00a0<\/span><\/li>\r\n<\/ul>\r\n<ul>\r\n<li data-leveltext=\"\uf0b7\" data-font=\"Symbol\" data-listid=\"1\" data-list-defn-props='{\"335552541\":1,\"335559685\":720,\"335559991\":360,\"469769226\":\"Symbol\",\"469769242\":[8226],\"469777803\":\"left\",\"469777804\":\"\uf0b7\",\"469777815\":\"multilevel\"}' aria-setsize=\"-1\" data-aria-posinset=\"4\" data-aria-level=\"1\"><b><span data-contrast=\"auto\">Datos de interacci\u00f3n <\/span><\/b><span data-contrast=\"auto\">(correos electr\u00f3nicos, notas de reuniones, respuestas a formularios)<\/span><span data-ccp-props='{\"134233117\":true,\"134233118\":true,\"201341983\":0,\"335559740\":240}'>\u00a0<\/span><\/li>\r\n<\/ul>\r\n<ul>\r\n<li data-leveltext=\"\uf0b7\" data-font=\"Symbol\" data-listid=\"1\" data-list-defn-props='{\"335552541\":1,\"335559685\":720,\"335559991\":360,\"469769226\":\"Symbol\",\"469769242\":[8226],\"469777803\":\"left\",\"469777804\":\"\uf0b7\",\"469777815\":\"multilevel\"}' aria-setsize=\"-1\" data-aria-posinset=\"5\" data-aria-level=\"1\"><b><span data-contrast=\"auto\">Datos de uso del sitio web <\/span><\/b><span data-contrast=\"auto\">(direcci\u00f3n IP, datos del dispositivo\/navegador \u2013 a trav\u00e9s de cookies)<\/span><span data-ccp-props='{\"134233117\":true,\"134233118\":true,\"201341983\":0,\"335559740\":240}'>\u00a0<\/span><\/li>\r\n<\/ul>\r\n<p><b><span data-contrast=\"auto\">No <\/span><\/b><span data-contrast=\"auto\">recogemos datos sensibles (por ejemplo, salud, religi\u00f3n, biom\u00e9tricos).<\/span><span data-ccp-props='{\"134233117\":true,\"134233118\":true,\"201341983\":0,\"335559740\":240}'>\u00a0<\/span><\/p>","protected":false},"excerpt":{"rendered":"<p>\u00daltima actualizaci\u00f3n: 10 de noviembre de 2024\u00a0 En Ayundo S.L., nos comprometemos a proteger su privacidad. Esta pol\u00edtica explica c\u00f3mo recopilamos, utilizamos, compartimos y protegemos los datos personales en el contexto de nuestros servicios de consultor\u00eda empresarial.\u00a0 \u00bfQui\u00e9n es responsable de sus datos? El responsable del tratamiento de datos es:\u00a0 Ayundo S.L.\u00a0La Rambla 13, Piso [&hellip;]<\/p>\n","protected":false},"author":1,"featured_media":0,"parent":0,"menu_order":0,"comment_status":"closed","ping_status":"closed","template":"","meta":{"footnotes":""},"class_list":["post-14109","page","type-page","status-publish","hentry"],"yoast_head":"<!-- This site is optimized with the Yoast SEO plugin v27.5 - https:\/\/yoast.com\/product\/yoast-seo-wordpress\/ -->\n<title>Privacy Policy - Ayundo<\/title>\n<meta name=\"robots\" content=\"index, follow, max-snippet:-1, max-image-preview:large, max-video-preview:-1\" \/>\n<link rel=\"canonical\" href=\"https:\/\/ayundo.es\/en\/privacy-policy\/\" \/>\n<meta property=\"og:locale\" content=\"en_US\" \/>\n<meta property=\"og:type\" content=\"article\" \/>\n<meta property=\"og:title\" content=\"Privacy Policy - Ayundo\" \/>\n<meta property=\"og:description\" content=\"\u00daltima actualizaci\u00f3n: 10 de noviembre de 2024\u00a0 En Ayundo S.L., nos comprometemos a proteger su privacidad. Esta pol\u00edtica explica c\u00f3mo recopilamos, utilizamos, compartimos y protegemos los datos personales en el contexto de nuestros servicios de consultor\u00eda empresarial.\u00a0 \u00bfQui\u00e9n es responsable de sus datos? El responsable del tratamiento de datos es:\u00a0 Ayundo S.L.\u00a0La Rambla 13, Piso [&hellip;]\" \/>\n<meta property=\"og:url\" content=\"https:\/\/ayundo.es\/en\/privacy-policy\/\" \/>\n<meta property=\"og:site_name\" content=\"Ayundo\" \/>\n<meta property=\"article:modified_time\" content=\"2025-07-17T07:10:17+00:00\" \/>\n<meta name=\"twitter:card\" content=\"summary_large_image\" \/>\n<meta name=\"twitter:label1\" content=\"Est. reading time\" \/>\n\t<meta name=\"twitter:data1\" content=\"1 minute\" \/>\n<script type=\"application\/ld+json\" class=\"yoast-schema-graph\">{\"@context\":\"https:\\\/\\\/schema.org\",\"@graph\":[{\"@type\":\"WebPage\",\"@id\":\"https:\\\/\\\/ayundo.es\\\/en\\\/privacy-policy\\\/\",\"url\":\"https:\\\/\\\/ayundo.es\\\/en\\\/privacy-policy\\\/\",\"name\":\"Privacy Policy - Ayundo\",\"isPartOf\":{\"@id\":\"https:\\\/\\\/ayundo.es\\\/en\\\/#website\"},\"datePublished\":\"2025-06-17T08:27:41+00:00\",\"dateModified\":\"2025-07-17T07:10:17+00:00\",\"breadcrumb\":{\"@id\":\"https:\\\/\\\/ayundo.es\\\/en\\\/privacy-policy\\\/#breadcrumb\"},\"inLanguage\":\"en-US\",\"potentialAction\":[{\"@type\":\"ReadAction\",\"target\":[\"https:\\\/\\\/ayundo.es\\\/en\\\/privacy-policy\\\/\"]}]},{\"@type\":\"BreadcrumbList\",\"@id\":\"https:\\\/\\\/ayundo.es\\\/en\\\/privacy-policy\\\/#breadcrumb\",\"itemListElement\":[{\"@type\":\"ListItem\",\"position\":1,\"name\":\"Portada\",\"item\":\"https:\\\/\\\/ayundo.es\\\/en\\\/\"},{\"@type\":\"ListItem\",\"position\":2,\"name\":\"Privacy Policy\"}]},{\"@type\":\"WebSite\",\"@id\":\"https:\\\/\\\/ayundo.es\\\/en\\\/#website\",\"url\":\"https:\\\/\\\/ayundo.es\\\/en\\\/\",\"name\":\"Ayundo\",\"description\":\"Digitaliza. Transforma.\",\"publisher\":{\"@id\":\"https:\\\/\\\/ayundo.es\\\/en\\\/#organization\"},\"potentialAction\":[{\"@type\":\"SearchAction\",\"target\":{\"@type\":\"EntryPoint\",\"urlTemplate\":\"https:\\\/\\\/ayundo.es\\\/en\\\/?s={search_term_string}\"},\"query-input\":{\"@type\":\"PropertyValueSpecification\",\"valueRequired\":true,\"valueName\":\"search_term_string\"}}],\"inLanguage\":\"en-US\"},{\"@type\":\"Organization\",\"@id\":\"https:\\\/\\\/ayundo.es\\\/en\\\/#organization\",\"name\":\"Ayundo\",\"url\":\"https:\\\/\\\/ayundo.es\\\/en\\\/\",\"logo\":{\"@type\":\"ImageObject\",\"inLanguage\":\"en-US\",\"@id\":\"https:\\\/\\\/ayundo.es\\\/en\\\/#\\\/schema\\\/logo\\\/image\\\/\",\"url\":\"https:\\\/\\\/ayundo.es\\\/wp-content\\\/uploads\\\/2025\\\/06\\\/Ayundo-logo-WEB-e1752238316224.png\",\"contentUrl\":\"https:\\\/\\\/ayundo.es\\\/wp-content\\\/uploads\\\/2025\\\/06\\\/Ayundo-logo-WEB-e1752238316224.png\",\"width\":913,\"height\":196,\"caption\":\"Ayundo\"},\"image\":{\"@id\":\"https:\\\/\\\/ayundo.es\\\/en\\\/#\\\/schema\\\/logo\\\/image\\\/\"}}]}<\/script>\n<!-- \/ Yoast SEO plugin. -->","yoast_head_json":{"title":"Privacy Policy - Ayundo","robots":{"index":"index","follow":"follow","max-snippet":"max-snippet:-1","max-image-preview":"max-image-preview:large","max-video-preview":"max-video-preview:-1"},"canonical":"https:\/\/ayundo.es\/en\/privacy-policy\/","og_locale":"en_US","og_type":"article","og_title":"Privacy Policy - Ayundo","og_description":"\u00daltima actualizaci\u00f3n: 10 de noviembre de 2024\u00a0 En Ayundo S.L., nos comprometemos a proteger su privacidad. Esta pol\u00edtica explica c\u00f3mo recopilamos, utilizamos, compartimos y protegemos los datos personales en el contexto de nuestros servicios de consultor\u00eda empresarial.\u00a0 \u00bfQui\u00e9n es responsable de sus datos? El responsable del tratamiento de datos es:\u00a0 Ayundo S.L.\u00a0La Rambla 13, Piso [&hellip;]","og_url":"https:\/\/ayundo.es\/en\/privacy-policy\/","og_site_name":"Ayundo","article_modified_time":"2025-07-17T07:10:17+00:00","twitter_card":"summary_large_image","twitter_misc":{"Est. reading time":"1 minute"},"schema":{"@context":"https:\/\/schema.org","@graph":[{"@type":"WebPage","@id":"https:\/\/ayundo.es\/en\/privacy-policy\/","url":"https:\/\/ayundo.es\/en\/privacy-policy\/","name":"Privacy Policy - Ayundo","isPartOf":{"@id":"https:\/\/ayundo.es\/en\/#website"},"datePublished":"2025-06-17T08:27:41+00:00","dateModified":"2025-07-17T07:10:17+00:00","breadcrumb":{"@id":"https:\/\/ayundo.es\/en\/privacy-policy\/#breadcrumb"},"inLanguage":"en-US","potentialAction":[{"@type":"ReadAction","target":["https:\/\/ayundo.es\/en\/privacy-policy\/"]}]},{"@type":"BreadcrumbList","@id":"https:\/\/ayundo.es\/en\/privacy-policy\/#breadcrumb","itemListElement":[{"@type":"ListItem","position":1,"name":"Portada","item":"https:\/\/ayundo.es\/en\/"},{"@type":"ListItem","position":2,"name":"Privacy Policy"}]},{"@type":"WebSite","@id":"https:\/\/ayundo.es\/en\/#website","url":"https:\/\/ayundo.es\/en\/","name":"Ayundo","description":"Digitaliza. Transforma.","publisher":{"@id":"https:\/\/ayundo.es\/en\/#organization"},"potentialAction":[{"@type":"SearchAction","target":{"@type":"EntryPoint","urlTemplate":"https:\/\/ayundo.es\/en\/?s={search_term_string}"},"query-input":{"@type":"PropertyValueSpecification","valueRequired":true,"valueName":"search_term_string"}}],"inLanguage":"en-US"},{"@type":"Organization","@id":"https:\/\/ayundo.es\/en\/#organization","name":"Ayundo","url":"https:\/\/ayundo.es\/en\/","logo":{"@type":"ImageObject","inLanguage":"en-US","@id":"https:\/\/ayundo.es\/en\/#\/schema\/logo\/image\/","url":"https:\/\/ayundo.es\/wp-content\/uploads\/2025\/06\/Ayundo-logo-WEB-e1752238316224.png","contentUrl":"https:\/\/ayundo.es\/wp-content\/uploads\/2025\/06\/Ayundo-logo-WEB-e1752238316224.png","width":913,"height":196,"caption":"Ayundo"},"image":{"@id":"https:\/\/ayundo.es\/en\/#\/schema\/logo\/image\/"}}]}},"_links":{"self":[{"href":"https:\/\/ayundo.es\/en\/wp-json\/wp\/v2\/pages\/14109","targetHints":{"allow":["GET"]}}],"collection":[{"href":"https:\/\/ayundo.es\/en\/wp-json\/wp\/v2\/pages"}],"about":[{"href":"https:\/\/ayundo.es\/en\/wp-json\/wp\/v2\/types\/page"}],"author":[{"embeddable":true,"href":"https:\/\/ayundo.es\/en\/wp-json\/wp\/v2\/users\/1"}],"replies":[{"embeddable":true,"href":"https:\/\/ayundo.es\/en\/wp-json\/wp\/v2\/comments?post=14109"}],"version-history":[{"count":0,"href":"https:\/\/ayundo.es\/en\/wp-json\/wp\/v2\/pages\/14109\/revisions"}],"wp:attachment":[{"href":"https:\/\/ayundo.es\/en\/wp-json\/wp\/v2\/media?parent=14109"}],"curies":[{"name":"wp","href":"https:\/\/api.w.org\/{rel}","templated":true}]}}